{"id":53,"date":"2024-12-18T17:23:01","date_gmt":"2024-12-18T17:23:01","guid":{"rendered":"https:\/\/napiketu.zvonimirbedi.com\/about\/"},"modified":"2024-12-19T17:13:17","modified_gmt":"2024-12-19T17:13:17","slug":"about","status":"publish","type":"page","link":"https:\/\/napiketu.zvonimirbedi.com\/en\/about\/","title":{"rendered":"O nama"},"content":{"rendered":"<div class=\"wp-block-uagb-container uagb-block-e7bc5511 alignfull uagb-is-root-container\"><div class=\"uagb-container-inner-blocks-wrap\">\n<div class=\"wp-block-uagb-advanced-heading uagb-block-d518be29\"><h1 class=\"uagb-heading-text\">O nama.<\/h1><\/div>\n\n\n\n<div class=\"wp-block-uagb-image alignleft uagb-block-4ab520e9 wp-block-uagb-image--layout-default wp-block-uagb-image--effect-static wp-block-uagb-image--align-left\"><figure class=\"wp-block-uagb-image__figure\"><img decoding=\"async\" srcset=\"https:\/\/napiketu.zvonimirbedi.com\/wp-content\/uploads\/2020\/09\/frill-free-img.png \" sizes=\"auto, (max-width: 480px) 150px\" src=\"https:\/\/napiketu.zvonimirbedi.com\/wp-content\/uploads\/2020\/09\/frill-free-img.png\" alt=\"\" class=\"uag-image-4\" width=\"250\" height=\"27\" title=\"\" loading=\"lazy\" role=\"img\"\/><\/figure><\/div>\n<\/div><\/div>\n\n\n\n<div class=\"wp-block-uagb-container uagb-block-d6ba4bd1 alignfull uagb-is-root-container\"><div class=\"uagb-container-inner-blocks-wrap\">\n<div class=\"wp-block-uagb-container uagb-block-c54eb09a\">\n<div class=\"wp-block-uagb-info-box uagb-block-9f392069 uagb-infobox__content-wrap  uagb-infobox-icon-above-title uagb-infobox-image-valign-top\"><div class=\"uagb-ifb-content\"><div class=\"uagb-ifb-image-content\"><img decoding=\"async\" src=\"https:\/\/napiketu.zvonimirbedi.com\/wp-content\/uploads\/2021\/03\/parcelli-1.png\" alt=\"\" width=\"\" height=\"0\" loading=\"lazy\"\/><\/div><div class=\"uagb-ifb-title-wrap\"><h3 class=\"uagb-ifb-title\">Izvrsna gastronomska avantura u Hreljinu: Bistro Pizzeria Na Piketu<br><\/h3><\/div><p class=\"uagb-ifb-desc\">Pizza bistro grill Na Piketu, smje\u0161ten u slikovitom Hreljinu, poziva goste iz svih krajeva svijeta da u\u017eivaju u neodoljivim okusima lokalne kuhinje s modernim twistom. Na\u0161a strast prema kvalitetnim sastojcima i bogatim porcijama hrane \u010dini nas omiljenim odredi\u0161tem kako za strane posjetitelje tako i za lokalno stanovni\u0161tvo. Od so\u010dnih pizza s obilnim nadjevima do ukusnih griliranih specijaliteta, svako jelo iz na\u0161e kuhinje jam\u010di nezaboravan do\u017eivljaj okusa. U ugodnom ambijentu s gostoljubivim osobljem.<\/p><\/div><\/div>\n\n\n\n<div class=\"wp-block-uagb-advanced-heading uagb-block-061ff479\"><p class=\"uagb-heading-text\">Na Piketu pru\u017ea autenti\u010dno iskustvo mediteranske gastronomije koje \u0107e zadovoljiti i najizbirljivija nepca. Dobrodo\u0161li da zajedno u\u017eivamo u spoju lokalnih tradicija i velikih porcija.<\/p><\/div>\n<\/div>\n\n\n\n<div class=\"wp-block-uagb-container uagb-block-f72fc19b\">\n<div class=\"wp-block-uagb-image uagb-block-54585a55 wp-block-uagb-image--layout-default wp-block-uagb-image--effect-static wp-block-uagb-image--align-none\"><figure class=\"wp-block-uagb-image__figure\"><img decoding=\"async\" srcset=\"https:\/\/napiketu.zvonimirbedi.com\/wp-content\/uploads\/2024\/12\/pizza5-576x1024.jpg ,https:\/\/napiketu.zvonimirbedi.com\/wp-content\/uploads\/2024\/12\/pizza5.jpg 780w, https:\/\/napiketu.zvonimirbedi.com\/wp-content\/uploads\/2024\/12\/pizza5.jpg 360w\" sizes=\"auto, (max-width: 480px) 150px\" src=\"https:\/\/napiketu.zvonimirbedi.com\/wp-content\/uploads\/2024\/12\/pizza5-576x1024.jpg\" alt=\"\" class=\"uag-image-2314\" width=\"576\" height=\"1024\" title=\"pizza5\" loading=\"lazy\" role=\"img\"\/><\/figure><\/div>\n<\/div>\n\n\n\n<div class=\"wp-block-uagb-container uag-hide-tab uag-hide-mob uagb-block-3376f7e8\">\n<div class=\"wp-block-uagb-image uagb-block-584f8100 wp-block-uagb-image--layout-default wp-block-uagb-image--effect-static wp-block-uagb-image--align-none\"><figure class=\"wp-block-uagb-image__figure\"><img decoding=\"async\" srcset=\"https:\/\/napiketu.zvonimirbedi.com\/wp-content\/uploads\/2024\/12\/cake-1024x768.jpg ,https:\/\/napiketu.zvonimirbedi.com\/wp-content\/uploads\/2024\/12\/cake.jpg 780w, https:\/\/napiketu.zvonimirbedi.com\/wp-content\/uploads\/2024\/12\/cake.jpg 360w\" sizes=\"auto, (max-width: 480px) 150px\" src=\"https:\/\/napiketu.zvonimirbedi.com\/wp-content\/uploads\/2024\/12\/cake-1024x768.jpg\" alt=\"\" class=\"uag-image-2313\" width=\"1024\" height=\"768\" title=\"cake\" loading=\"lazy\" role=\"img\"\/><\/figure><\/div>\n\n\n\n<div class=\"wp-block-uagb-image uagb-block-b1263f40 wp-block-uagb-image--layout-default wp-block-uagb-image--effect-static wp-block-uagb-image--align-none\"><figure class=\"wp-block-uagb-image__figure\"><img decoding=\"async\" srcset=\"https:\/\/napiketu.zvonimirbedi.com\/wp-content\/uploads\/2024\/12\/bbq1-1024x768.jpg ,https:\/\/napiketu.zvonimirbedi.com\/wp-content\/uploads\/2024\/12\/bbq1.jpg 780w, https:\/\/napiketu.zvonimirbedi.com\/wp-content\/uploads\/2024\/12\/bbq1.jpg 360w\" sizes=\"auto, (max-width: 480px) 150px\" src=\"https:\/\/napiketu.zvonimirbedi.com\/wp-content\/uploads\/2024\/12\/bbq1-1024x768.jpg\" alt=\"\" class=\"uag-image-2312\" width=\"1024\" height=\"768\" title=\"bbq1\" loading=\"lazy\" role=\"img\"\/><\/figure><\/div>\n<\/div>\n<\/div><\/div>\n\n\n\n<div class=\"wp-block-uagb-container uag-blocks-common-selector uagb-block-6ded8462 alignfull uagb-is-root-container\"><div class=\"uagb-container-inner-blocks-wrap\">\n<div class=\"wp-block-uagb-advanced-heading uagb-block-6a50afd0\"><h2 class=\"uagb-heading-text\">Dodatni sadr\u017eaj.<\/h2><\/div>\n\n\n\n<div class=\"wp-block-uagb-image alignleft uagb-block-16594d58 wp-block-uagb-image--layout-default wp-block-uagb-image--effect-static wp-block-uagb-image--align-left\"><figure class=\"wp-block-uagb-image__figure\"><img decoding=\"async\" srcset=\"https:\/\/napiketu.zvonimirbedi.com\/wp-content\/uploads\/2020\/09\/divider-free-img.png \" sizes=\"auto, (max-width: 480px) 150px\" src=\"https:\/\/napiketu.zvonimirbedi.com\/wp-content\/uploads\/2020\/09\/divider-free-img.png\" alt=\"\" class=\"uag-image-45\" width=\"250\" height=\"27\" title=\"\" loading=\"lazy\" role=\"img\"\/><\/figure><\/div>\n\n\n\n<div class=\"wp-block-uagb-container uagb-block-4d1a9410 alignfull uagb-is-root-container\"><div class=\"uagb-container-inner-blocks-wrap\">\n<div class=\"wp-block-uagb-info-box uagb-block-0f2f5507 uagb-infobox__content-wrap  uagb-infobox-icon-left uagb-infobox-left uagb-infobox-stacked-mobile uagb-infobox-image-valign-middle\"><div class=\"uagb-ifb-icon-wrap\"><svg xmlns=\"https:\/\/www.w3.org\/2000\/svg\" viewbox=\"0 0 640 512\"><path d=\"M319.1 351.1c-35.35 0-64 28.66-64 64.01s28.66 64.01 64 64.01c35.34 0 64-28.66 64-64.01S355.3 351.1 319.1 351.1zM320 191.1c-70.25 0-137.9 25.6-190.5 72.03C116.3 275.7 115 295.9 126.7 309.2C138.5 322.4 158.7 323.7 171.9 312C212.8 275.9 265.4 256 320 256s107.3 19.88 148.1 56C474.2 317.4 481.8 320 489.3 320c8.844 0 17.66-3.656 24-10.81C525 295.9 523.8 275.7 510.5 264C457.9 217.6 390.3 191.1 320 191.1zM630.2 156.7C546.3 76.28 436.2 32 320 32S93.69 76.28 9.844 156.7c-12.75 12.25-13.16 32.5-.9375 45.25c12.22 12.78 32.47 13.12 45.25 .9375C125.1 133.1 220.4 96 320 96s193.1 37.97 265.8 106.9C592.1 208.8 600 211.8 608 211.8c8.406 0 16.81-3.281 23.09-9.844C643.3 189.2 642.9 168.1 630.2 156.7z\"><\/path><\/svg><\/div><div class=\"uagb-ifb-content\"><div class=\"uagb-ifb-title-wrap\"><h4 class=\"uagb-ifb-title\">Free Wifi<\/h4><\/div><\/div><\/div>\n\n\n\n<div class=\"wp-block-uagb-info-box uagb-block-1881c274 uagb-infobox__content-wrap  uagb-infobox-icon-left uagb-infobox-left uagb-infobox-stacked-mobile uagb-infobox-image-valign-middle\"><div class=\"uagb-ifb-icon-wrap\"><svg xmlns=\"https:\/\/www.w3.org\/2000\/svg\" viewbox=\"0 0 384 512\"><path d=\"M384 319.1C384 425.9 297.9 512 192 512s-192-86.13-192-192c0-58.67 27.82-106.8 54.57-134.1C69.54 169.3 96 179.8 96 201.5v85.5c0 35.17 27.97 64.5 63.16 64.94C194.9 352.5 224 323.6 224 288c0-88-175.1-96.12-52.15-277.2c13.5-19.72 44.15-10.77 44.15 13.03C215.1 127 384 149.7 384 319.1z\"><\/path><\/svg><\/div><div class=\"uagb-ifb-content\"><div class=\"uagb-ifb-title-wrap\"><h4 class=\"uagb-ifb-title\">Terasa za pu\u0161enje<\/h4><\/div><\/div><\/div>\n\n\n\n<div class=\"wp-block-uagb-info-box uagb-block-a5dba076 uagb-infobox__content-wrap  uagb-infobox-icon-left uagb-infobox-left uagb-infobox-stacked-mobile uagb-infobox-image-valign-middle\"><div class=\"uagb-ifb-icon-wrap\"><svg xmlns=\"https:\/\/www.w3.org\/2000\/svg\" viewbox=\"0 0 512 512\"><path d=\"M511.1 367.1c0 44.18-42.98 80-95.1 80s-95.1-35.82-95.1-79.1c0-44.18 42.98-79.1 95.1-79.1c11.28 0 21.95 1.92 32.01 4.898V148.1L192 224l-.0023 208.1C191.1 476.2 149 512 95.1 512S0 476.2 0 432c0-44.18 42.98-79.1 95.1-79.1c11.28 0 21.95 1.92 32 4.898V126.5c0-12.97 10.06-26.63 22.41-30.52l319.1-94.49C472.1 .6615 477.3 0 480 0c17.66 0 31.97 14.34 32 31.99L511.1 367.1z\"><\/path><\/svg><\/div><div class=\"uagb-ifb-content\"><div class=\"uagb-ifb-title-wrap\"><h4 class=\"uagb-ifb-title\">\u017diva glazba<\/h4><\/div><\/div><\/div>\n\n\n\n<div class=\"wp-block-uagb-info-box uagb-block-1dc42d76 uagb-infobox__content-wrap  uagb-infobox-icon-left uagb-infobox-left uagb-infobox-stacked-mobile uagb-infobox-image-valign-middle\"><div class=\"uagb-ifb-icon-wrap\"><svg xmlns=\"https:\/\/www.w3.org\/2000\/svg\" viewbox=\"0 0 512 512\"><path d=\"M165.4 32H346.6C387.4 32 423.7 57.78 437.2 96.29L472.4 196.8C495.6 206.4 512 229.3 512 256V336C512 359.7 499.1 380.4 480 391.4V448C480 465.7 465.7 480 448 480H416C398.3 480 384 465.7 384 448V400H128V448C128 465.7 113.7 480 96 480H64C46.33 480 32 465.7 32 448V391.4C12.87 380.4 0 359.7 0 336V256C0 229.3 16.36 206.4 39.61 196.8L74.8 96.29C88.27 57.78 124.6 32 165.4 32V32zM165.4 96C151.8 96 139.7 104.6 135.2 117.4L109.1 192H402.9L376.8 117.4C372.3 104.6 360.2 96 346.6 96H165.4zM208 272C199.2 272 192 279.2 192 288V320C192 328.8 199.2 336 208 336H304C312.8 336 320 328.8 320 320V288C320 279.2 312.8 272 304 272H208zM72 304H104C117.3 304 128 293.3 128 280C128 266.7 117.3 256 104 256H72C58.75 256 48 266.7 48 280C48 293.3 58.75 304 72 304zM408 256C394.7 256 384 266.7 384 280C384 293.3 394.7 304 408 304H440C453.3 304 464 293.3 464 280C464 266.7 453.3 256 440 256H408z\"><\/path><\/svg><\/div><div class=\"uagb-ifb-content\"><div class=\"uagb-ifb-title-wrap\"><h4 class=\"uagb-ifb-title\">Parking<\/h4><\/div><\/div><\/div>\n<\/div><\/div>\n<\/div><\/div>\n\n\n\n<div class=\"wp-block-uagb-container uagb-block-be96f28a alignfull uagb-is-root-container\"><div class=\"uagb-container-inner-blocks-wrap\">\n<div class=\"wp-block-uagb-testimonial uagb-slick-carousel uagb-tm__arrow-outside uagb-block-a134ffc0 uagb-post__carousel_notset uagb-post__carousel_notset-tablet uagb-post__carousel_notset-mobile\"><div class=\"is-carousel uagb-tm__columns-1 uagb-tm__items\"><div class=\"uagb-testimonial__wrap  uagb-tm__imgicon-style-circle uagb-tm__image-position-bottom uagb-tm__bg-type-none\"><div class=\"uagb-tm__content\"><div class=\"uagb-tm__overlay\"><\/div><div class=\"uagb-tm__text-wrap\"><div class=\"uagb-tm__desc\">&#8220;Danas smo prvi put posjetili pizzeriju, na preporuku. Sjedili smo vani, bilo je vrlo ugodno, terasa je lijepa, pogled na more, ispod kro\u0161nje. Pizza vrlo ukusna, osoblje ljubazno.&#8221;<\/div><div class=\"uagb-tm__meta-inner\"><div class=\"uagb-tm__image-content\"><div class=\"uagb-tm__image\"><img decoding=\"async\" class=\"uagb-tm-img-src\" src=\"https:\/\/napiketu.zvonimirbedi.com\/wp-content\/uploads\/2020\/09\/pic49-free-img.png\" alt=\"\" width=\"100\" height=\"100\" loading=\"lazy\"\/><\/div><\/div><div class=\"uagb-testimonial-details\"><span class=\"uagb-tm__author-name\">&#8211; Antonia G.<\/span><span class=\"uagb-tm__company\"><\/span><\/div><\/div><\/div><\/div><\/div><\/div><\/div>\n<\/div><\/div>\n\n\n\n<div class=\"wp-block-uagb-container uagb-block-9b442ba6 alignfull uagb-is-root-container\"><div class=\"uagb-container-inner-blocks-wrap\">\n<div class=\"wp-block-uagb-advanced-heading uagb-block-714eec87\"><h5 class=\"uagb-heading-text\">Ocijenite nas<\/h5><\/div>\n\n\n\n<div class=\"wp-block-uagb-container uagb-block-35961783\">\n<div class=\"wp-block-uagb-image uagb-block-6ec3a0a7 wp-block-uagb-image--layout-default wp-block-uagb-image--effect-static wp-block-uagb-image--align-none\"><figure class=\"wp-block-uagb-image__figure\"><a class=\"\" href=\"https:\/\/www.tripadvisor.com\/Restaurant_Review-g14776395-d10182280-Reviews-Pizzeria_Na_Piketu-Hreljin_Primorje_Gorski_Kotar_County.html\" target=\"\" rel=\"noopener\"><img decoding=\"async\" srcset=\"https:\/\/napiketu.zvonimirbedi.com\/wp-content\/uploads\/2024\/12\/tripadvisorlogo1-free-img.png ,https:\/\/napiketu.zvonimirbedi.com\/wp-content\/uploads\/2024\/12\/tripadvisorlogo1-free-img.png 780w, https:\/\/napiketu.zvonimirbedi.com\/wp-content\/uploads\/2024\/12\/tripadvisorlogo1-free-img.png 360w\" sizes=\"auto, (max-width: 480px) 150px\" src=\"https:\/\/napiketu.zvonimirbedi.com\/wp-content\/uploads\/2024\/12\/tripadvisorlogo1-free-img.png\" alt=\"\" class=\"uag-image-2259\" width=\"140\" height=\"57\" title=\"tripadvisorlogo1-free-img.png\" loading=\"lazy\" role=\"img\"\/><\/a><\/figure><\/div>\n\n\n\n<div class=\"wp-block-uagb-image uagb-block-b3e80e72 wp-block-uagb-image--layout-default wp-block-uagb-image--effect-static wp-block-uagb-image--align-none\"><figure class=\"wp-block-uagb-image__figure\"><a class=\"\" href=\"https:\/\/maps.app.goo.gl\/kGrfCs19MAtzwWfZA\" target=\"\" rel=\"noopener\"><img decoding=\"async\" srcset=\"https:\/\/napiketu.zvonimirbedi.com\/wp-content\/uploads\/2024\/12\/google-reviews-free-img.png ,https:\/\/napiketu.zvonimirbedi.com\/wp-content\/uploads\/2024\/12\/google-reviews-free-img.png 780w, https:\/\/napiketu.zvonimirbedi.com\/wp-content\/uploads\/2024\/12\/google-reviews-free-img.png 360w\" sizes=\"auto, (max-width: 480px) 150px\" src=\"https:\/\/napiketu.zvonimirbedi.com\/wp-content\/uploads\/2024\/12\/google-reviews-free-img.png\" alt=\"\" class=\"uag-image-2260\" width=\"140\" height=\"57\" title=\"google-reviews-free-img.png\" loading=\"lazy\" role=\"img\"\/><\/a><\/figure><\/div>\n\n\n\n<div class=\"wp-block-uagb-image uagb-block-c8058eff wp-block-uagb-image--layout-default wp-block-uagb-image--effect-static wp-block-uagb-image--align-none\"><figure class=\"wp-block-uagb-image__figure\"><a class=\"\" href=\"https:\/\/www.facebook.com\/pikethreljin\/\" target=\"\" rel=\"noopener\"><img decoding=\"async\" srcset=\"https:\/\/napiketu.zvonimirbedi.com\/wp-content\/uploads\/2024\/12\/fb-free-imng.png ,https:\/\/napiketu.zvonimirbedi.com\/wp-content\/uploads\/2024\/12\/fb-free-imng.png 780w, https:\/\/napiketu.zvonimirbedi.com\/wp-content\/uploads\/2024\/12\/fb-free-imng.png 360w\" sizes=\"auto, (max-width: 480px) 150px\" src=\"https:\/\/napiketu.zvonimirbedi.com\/wp-content\/uploads\/2024\/12\/fb-free-imng.png\" alt=\"\" class=\"uag-image-2261\" width=\"140\" height=\"57\" title=\"fb-free-imng.png\" loading=\"lazy\" role=\"img\"\/><\/a><\/figure><\/div>\n\n\n\n<div class=\"wp-block-uagb-image uagb-block-aaad43e8 wp-block-uagb-image--layout-default wp-block-uagb-image--effect-static wp-block-uagb-image--align-none\"><figure class=\"wp-block-uagb-image__figure\"><a class=\"\" href=\"https:\/\/www.instagram.com\/piket.hreljin\/\" target=\"\" rel=\"noopener\"><img decoding=\"async\" srcset=\"https:\/\/napiketu.zvonimirbedi.com\/wp-content\/uploads\/2024\/12\/logo-instagram-e1734546652789.png ,https:\/\/napiketu.zvonimirbedi.com\/wp-content\/uploads\/2024\/12\/logo-instagram-e1734546652789.png 780w, https:\/\/napiketu.zvonimirbedi.com\/wp-content\/uploads\/2024\/12\/logo-instagram-e1734546652789.png 360w\" sizes=\"auto, (max-width: 480px) 150px\" src=\"https:\/\/napiketu.zvonimirbedi.com\/wp-content\/uploads\/2024\/12\/logo-instagram-e1734546652789.png\" alt=\"\" class=\"uag-image-2318\" width=\"140\" height=\"57\" title=\"logo-instagram\" loading=\"lazy\" role=\"img\"\/><\/a><\/figure><\/div>\n<\/div>\n<\/div><\/div>","protected":false},"excerpt":{"rendered":"<p>O nama. Na Piketu pru\u017ea autenti\u010dno iskustvo mediteranske gastronomije koje \u0107e zadovoljiti i najizbirljivija nepca. Dobrodo\u0161li da zajedno u\u017eivamo u spoju lokalnih tradicija i velikih porcija. Dodatni sadr\u017eaj. Ocijenite nas<\/p>","protected":false},"author":1,"featured_media":0,"parent":0,"menu_order":0,"comment_status":"closed","ping_status":"closed","template":"","meta":{"_uag_custom_page_level_css":"","site-sidebar-layout":"no-sidebar","site-content-layout":"plain-container","ast-site-content-layout":"normal-width-container","site-content-style":"unboxed","site-sidebar-style":"unboxed","ast-global-header-display":"","ast-banner-title-visibility":"","ast-main-header-display":"","ast-hfb-above-header-display":"","ast-hfb-below-header-display":"","ast-hfb-mobile-header-display":"","site-post-title":"disabled","ast-breadcrumbs-content":"","ast-featured-img":"","footer-sml-layout":"","theme-transparent-header-meta":"default","adv-header-id-meta":"","stick-header-meta":"","header-above-stick-meta":"","header-main-stick-meta":"","header-below-stick-meta":"","astra-migrate-meta-layouts":"set","ast-page-background-enabled":"default","ast-page-background-meta":{"desktop":{"background-color":"","background-image":"","background-repeat":"repeat","background-position":"center center","background-size":"auto","background-attachment":"scroll","background-type":"","background-media":"","overlay-type":"","overlay-color":"","overlay-opacity":"","overlay-gradient":""},"tablet":{"background-color":"","background-image":"","background-repeat":"repeat","background-position":"center center","background-size":"auto","background-attachment":"scroll","background-type":"","background-media":"","overlay-type":"","overlay-color":"","overlay-opacity":"","overlay-gradient":""},"mobile":{"background-color":"","background-image":"","background-repeat":"repeat","background-position":"center center","background-size":"auto","background-attachment":"scroll","background-type":"","background-media":"","overlay-type":"","overlay-color":"","overlay-opacity":"","overlay-gradient":""}},"ast-content-background-meta":{"desktop":{"background-color":"var(--ast-global-color-5)","background-image":"","background-repeat":"repeat","background-position":"center center","background-size":"auto","background-attachment":"scroll","background-type":"","background-media":"","overlay-type":"","overlay-color":"","overlay-opacity":"","overlay-gradient":""},"tablet":{"background-color":"var(--ast-global-color-5)","background-image":"","background-repeat":"repeat","background-position":"center center","background-size":"auto","background-attachment":"scroll","background-type":"","background-media":"","overlay-type":"","overlay-color":"","overlay-opacity":"","overlay-gradient":""},"mobile":{"background-color":"var(--ast-global-color-5)","background-image":"","background-repeat":"repeat","background-position":"center center","background-size":"auto","background-attachment":"scroll","background-type":"","background-media":"","overlay-type":"","overlay-color":"","overlay-opacity":"","overlay-gradient":""}},"footnotes":""},"class_list":["post-53","page","type-page","status-publish","hentry"],"uagb_featured_image_src":{"full":false,"thumbnail":false,"medium":false,"medium_large":false,"large":false,"1536x1536":false,"2048x2048":false,"trp-custom-language-flag":false},"uagb_author_info":{"display_name":"root","author_link":"https:\/\/napiketu.zvonimirbedi.com\/en\/author\/root\/"},"uagb_comment_info":0,"uagb_excerpt":"O nama. Na Piketu pru\u017ea autenti\u010dno iskustvo mediteranske gastronomije koje \u0107e zadovoljiti i najizbirljivija nepca. Dobrodo\u0161li da zajedno u\u017eivamo u spoju lokalnih tradicija i velikih porcija. Dodatni sadr\u017eaj. Ocijenite nas","_links":{"self":[{"href":"https:\/\/napiketu.zvonimirbedi.com\/en\/wp-json\/wp\/v2\/pages\/53","targetHints":{"allow":["GET"]}}],"collection":[{"href":"https:\/\/napiketu.zvonimirbedi.com\/en\/wp-json\/wp\/v2\/pages"}],"about":[{"href":"https:\/\/napiketu.zvonimirbedi.com\/en\/wp-json\/wp\/v2\/types\/page"}],"author":[{"embeddable":true,"href":"https:\/\/napiketu.zvonimirbedi.com\/en\/wp-json\/wp\/v2\/users\/1"}],"replies":[{"embeddable":true,"href":"https:\/\/napiketu.zvonimirbedi.com\/en\/wp-json\/wp\/v2\/comments?post=53"}],"version-history":[{"count":10,"href":"https:\/\/napiketu.zvonimirbedi.com\/en\/wp-json\/wp\/v2\/pages\/53\/revisions"}],"predecessor-version":[{"id":2426,"href":"https:\/\/napiketu.zvonimirbedi.com\/en\/wp-json\/wp\/v2\/pages\/53\/revisions\/2426"}],"wp:attachment":[{"href":"https:\/\/napiketu.zvonimirbedi.com\/en\/wp-json\/wp\/v2\/media?parent=53"}],"curies":[{"name":"wp","href":"https:\/\/api.w.org\/{rel}","templated":true}]}}