{"id":56,"date":"2024-12-18T17:23:01","date_gmt":"2024-12-18T17:23:01","guid":{"rendered":"https:\/\/napiketu.zvonimirbedi.com\/home\/"},"modified":"2025-08-31T22:54:20","modified_gmt":"2025-08-31T22:54:20","slug":"home","status":"publish","type":"page","link":"https:\/\/napiketu.zvonimirbedi.com\/en\/","title":{"rendered":"Po\u010detna"},"content":{"rendered":"<div class=\"wp-block-uagb-container uagb-layout-grid uagb-block-d478d52e alignfull uagb-is-root-container\"><div class=\"uagb-container-inner-blocks-wrap\">\n<div class=\"wp-block-uagb-image aligncenter uagb-block-a630897d wp-block-uagb-image--layout-default wp-block-uagb-image--effect-static wp-block-uagb-image--align-center\"><figure class=\"wp-block-uagb-image__figure\"><img decoding=\"async\" srcset=\"https:\/\/napiketu.zvonimirbedi.com\/wp-content\/uploads\/2020\/09\/fork-free-img.png \" sizes=\"auto, (max-width: 480px) 150px\" src=\"https:\/\/napiketu.zvonimirbedi.com\/wp-content\/uploads\/2020\/09\/fork-free-img.png\" alt=\"\" class=\"uag-image-48\" width=\"57\" height=\"400\" title=\"\" loading=\"lazy\" role=\"img\"\/><\/figure><\/div>\n\n\n\n<div class=\"wp-block-uagb-container uagb-block-1aa026df\">\n<div class=\"wp-block-uagb-image aligncenter uagb-block-f551dd66 wp-block-uagb-image--layout-default wp-block-uagb-image--effect-static wp-block-uagb-image--align-center\"><figure class=\"wp-block-uagb-image__figure\"><img decoding=\"async\" srcset=\"https:\/\/napiketu.zvonimirbedi.com\/wp-content\/uploads\/2020\/09\/frill-free-img.png \" sizes=\"auto, (max-width: 480px) 150px\" src=\"https:\/\/napiketu.zvonimirbedi.com\/wp-content\/uploads\/2020\/09\/frill-free-img.png\" alt=\"\" class=\"uag-image-4\" width=\"250\" height=\"27\" title=\"\" loading=\"lazy\" role=\"img\"\/><\/figure><\/div>\n\n\n\n<div class=\"wp-block-uagb-info-box uagb-block-6a5e4025 uagb-infobox__content-wrap  uagb-infobox-icon-above-title uagb-infobox-image-valign-top\"><div class=\"uagb-ifb-content\"><div class=\"uagb-ifb-title-wrap\"><h1 class=\"uagb-ifb-title-prefix\">Na Piketu.<\/h1><h3 class=\"uagb-ifb-title\">Bistro Pizzeria<\/h3><\/div><\/div><\/div>\n\n\n\n<div class=\"wp-block-uagb-separator uagb-block-5595b5d2 wp-block-uagb-separator--text\"><div class=\"wp-block-uagb-separator__inner\" style=\"--my-background-image:\"><div class=\"wp-block-uagb-separator-element\"><h3 class=\"uagb-html-tag\">Ukusna Hrana Velike Porcije<\/h3><\/div><\/div><\/div>\n<\/div>\n\n\n\n<div class=\"wp-block-uagb-image aligncenter uagb-block-a0301ab5 wp-block-uagb-image--layout-default wp-block-uagb-image--effect-static wp-block-uagb-image--align-center\"><figure class=\"wp-block-uagb-image__figure\"><img decoding=\"async\" srcset=\"https:\/\/napiketu.zvonimirbedi.com\/wp-content\/uploads\/2020\/09\/knife-free-imge.png \" sizes=\"auto, (max-width: 480px) 150px\" src=\"https:\/\/napiketu.zvonimirbedi.com\/wp-content\/uploads\/2020\/09\/knife-free-imge.png\" alt=\"\" class=\"uag-image-9\" width=\"57\" height=\"400\" title=\"\" loading=\"lazy\" role=\"img\"\/><\/figure><\/div>\n<\/div><\/div>\n\n\n\n<div class=\"wp-block-uagb-container uagb-block-2a02ab9d alignfull uagb-is-root-container\"><div class=\"uagb-container-inner-blocks-wrap\">\n<div class=\"wp-block-uagb-container uagb-block-13025f03\">\n<div class=\"wp-block-uagb-info-box uagb-block-40783e51 uagb-infobox__content-wrap  uagb-infobox-icon-above-title uagb-infobox-image-valign-top\"><div class=\"uagb-ifb-content\"><div class=\"uagb-ifb-title-wrap\"><h5 class=\"uagb-ifb-title-prefix\">Najbolja Pizza u regiji!<\/h5><h2 class=\"uagb-ifb-title\">Dobrodo\u0161li<\/h2><\/div><\/div><\/div>\n\n\n\n<div class=\"wp-block-uagb-info-box uagb-block-ca891049 uagb-infobox__content-wrap  uagb-infobox-icon-above-title uagb-infobox-image-valign-top wp-block-uagb-info-box--has-margin\"><div class=\"uagb-infobox-margin-wrapper\"><div class=\"uagb-ifb-content\"><div class=\"uagb-ifb-title-wrap\"><h3 class=\"uagb-ifb-title\">Na Piketu: U\u017eivajte u Bogatim Porcijama i Izuzetnom Iskustvu.<\/h3><\/div><p class=\"uagb-ifb-desc\">Omiljeno odredi\u0161te za ljubitelje dobre hrane! U\u017eivajte u tradicionalnoj kuhinji s modernim pristupom, kvalitetnim sastojcima i velikim porcijama. Okru\u017eeni gostoljubivim osobljem, ovdje \u0107ete prona\u0107i neodoljive okuse pizza, griliranih specijaliteta i velik izbor aperitiva. Otkrijte za\u0161to smo omiljeni me\u0111u doma\u0107im i stranim gostima!<\/p><div class=\"uagb-ifb-button-wrapper wp-block-button\"><a href=\"\/en\/about\/\" class=\"uagb-infobox-cta-link wp-block-button__link\" target=\"_self\" rel=\"noopener noreferrer\" onclick=\"return true;\"><span class=\"uagb-inline-editing\">O nama<\/span><svg xmlns=\"https:\/\/www.w3.org\/2000\/svg\" viewbox=\"0 0 512 512\"><path d=\"M504.3 273.6l-112.1 104c-6.992 6.484-17.18 8.218-25.94 4.406c-8.758-3.812-14.42-12.45-14.42-21.1L351.9 288H32C14.33 288 .0002 273.7 .0002 255.1S14.33 224 32 224h319.9l0-72c0-9.547 5.66-18.19 14.42-22c8.754-3.809 18.95-2.075 25.94 4.41l112.1 104C514.6 247.9 514.6 264.1 504.3 273.6z\"><\/path><\/svg><\/a><\/div><\/div><\/div><\/div>\n<\/div>\n\n\n\n<div class=\"wp-block-uagb-container uag-hide-tab uag-hide-mob uagb-block-f80f91f8\">\n<div class=\"wp-block-uagb-image uagb-block-07557020 wp-block-uagb-image--layout-default wp-block-uagb-image--effect-static wp-block-uagb-image--align-none\"><figure class=\"wp-block-uagb-image__figure\"><img decoding=\"async\" srcset=\"https:\/\/napiketu.zvonimirbedi.com\/wp-content\/uploads\/2024\/12\/pizza4-819x1024.jpg ,https:\/\/napiketu.zvonimirbedi.com\/wp-content\/uploads\/2024\/12\/pizza4.jpg 780w, https:\/\/napiketu.zvonimirbedi.com\/wp-content\/uploads\/2024\/12\/pizza4.jpg 360w\" sizes=\"auto, (max-width: 480px) 150px\" src=\"https:\/\/napiketu.zvonimirbedi.com\/wp-content\/uploads\/2024\/12\/pizza4-819x1024.jpg\" alt=\"\" class=\"uag-image-2297\" width=\"819\" height=\"1024\" title=\"pizza4\" loading=\"lazy\" role=\"img\"\/><\/figure><\/div>\n<\/div>\n\n\n\n<div class=\"wp-block-uagb-container uagb-block-d5396109\">\n<div class=\"wp-block-uagb-info-box uagb-block-7bce134c uagb-infobox__content-wrap  uagb-infobox-icon-above-title uagb-infobox-image-valign-top wp-block-uagb-info-box--has-margin\"><div class=\"uagb-infobox-margin-wrapper\"><div class=\"uagb-ifb-content\"><div class=\"uagb-ifb-title-wrap\"><h2 class=\"uagb-ifb-title\">Hours<\/h2><\/div><p class=\"uagb-ifb-desc\">Ponedjeljak &#8211; Petak | 12h- 23h<br>Subota &#8211; Nedjelja | 12h- 23h<\/p><\/div><\/div><\/div>\n<\/div>\n<\/div><\/div>\n\n\n\n<div class=\"wp-block-uagb-container uagb-block-927c4acf alignfull uagb-is-root-container\"><div class=\"uagb-container-inner-blocks-wrap\">\n<div class=\"wp-block-uagb-info-box uagb-block-4b70dc66 uagb-infobox__content-wrap  uagb-infobox-icon-above-title uagb-infobox-image-valign-top\"><div class=\"uagb-ifb-content\"><div class=\"uagb-ifb-image-content\"><img decoding=\"async\" src=\"https:\/\/napiketu.zvonimirbedi.com\/wp-content\/uploads\/2021\/03\/parcelli-1.png\" alt=\"\" width=\"\" height=\"0\" loading=\"lazy\"\/><\/div><div class=\"uagb-ifb-title-wrap\"><h2 class=\"uagb-ifb-title-prefix\">Na\u0161 Meni<\/h2><h3 class=\"uagb-ifb-title\">Kvalitetni Sastojci, Ukusna Jela<\/h3><\/div><p class=\"uagb-ifb-desc\">Destinacija za vrhunski gastronomski u\u017eitak. Posve\u0107eni smo odabiru samo najboljih sastojaka te svako jelo pa\u017eljivo pripremamo s ljubavlju i precizno\u0161\u0107u, jam\u010de\u0107i nezaboravno iskustvo za va\u0161e nepce.<\/p><\/div><\/div>\n<\/div><\/div>\n\n\n\n<div class=\"wp-block-uagb-container uagb-block-bd274773 alignfull uagb-is-root-container\"><div class=\"uagb-container-inner-blocks-wrap\">\n<div class=\"wp-block-uagb-container uagb-layout-grid uagb-block-918326e9 alignfull uagb-is-root-container\"><div class=\"uagb-container-inner-blocks-wrap\">\n<div class=\"wp-block-uagb-container uagb-block-4dd3e3db\">\n<div class=\"wp-block-uagb-advanced-heading uagb-block-d90bb4f6\"><h3 class=\"uagb-heading-text\">Piket Burger<\/h3><\/div>\n\n\n\n<div class=\"wp-block-uagb-advanced-heading uagb-block-9015a23f\"><h4 class=\"uagb-heading-text\">\u20ac8.00\u200b<\/h4><\/div>\n<\/div>\n\n\n\n<div class=\"wp-block-uagb-container uagb-block-668e66ed\"><\/div>\n\n\n\n<div class=\"wp-block-uagb-container uagb-block-8f5536f2\">\n<div class=\"wp-block-uagb-advanced-heading uagb-block-e14b2644\"><h3 class=\"uagb-heading-text\">Pizza Mije\u0161ana<\/h3><\/div>\n\n\n\n<div class=\"wp-block-uagb-advanced-heading uagb-block-7c82393b\"><h4 class=\"uagb-heading-text\">\u20ac9.50 \/ \u20ac14.50<\/h4><\/div>\n<\/div>\n\n\n\n<div class=\"wp-block-uagb-container uagb-block-894b970e\"><\/div>\n\n\n\n<div class=\"wp-block-uagb-container uagb-block-305b6315\">\n<div class=\"wp-block-uagb-advanced-heading uagb-block-2b63e51c\"><h3 class=\"uagb-heading-text\">Larijeva rebarca<\/h3><\/div>\n\n\n\n<div class=\"wp-block-uagb-advanced-heading uagb-block-5778af0e\"><h4 class=\"uagb-heading-text\">\u20ac15.00<\/h4><\/div>\n<\/div>\n\n\n\n<div class=\"wp-block-uagb-container uagb-block-24e31921\"><\/div>\n\n\n\n<div class=\"wp-block-uagb-container uagb-block-9ad6a502\">\n<div class=\"wp-block-uagb-advanced-heading uagb-block-8de9567e\"><h3 class=\"uagb-heading-text\">Pizza Bresaola<\/h3><\/div>\n\n\n\n<div class=\"wp-block-uagb-advanced-heading uagb-block-6a12c220\"><h4 class=\"uagb-heading-text\">\u20ac11.80 \/ \u20ac16.80<\/h4><\/div>\n<\/div>\n\n\n\n<div class=\"wp-block-uagb-container uagb-block-33706de9\"><\/div>\n\n\n\n<div class=\"wp-block-uagb-container uagb-block-14c34151\">\n<div class=\"wp-block-uagb-advanced-heading uagb-block-5931f4d0\"><h3 class=\"uagb-heading-text\">Pizza \u010co\u010dmanska<\/h3><\/div>\n\n\n\n<div class=\"wp-block-uagb-advanced-heading uagb-block-89419c81\"><h4 class=\"uagb-heading-text\">\u20ac9.80 \/ \u20ac15.50<\/h4><\/div>\n<\/div>\n<\/div><\/div>\n\n\n\n<div class=\"wp-block-uagb-buttons uagb-buttons__outer-wrap uagb-btn__default-btn uagb-btn-tablet__default-btn uagb-btn-mobile__default-btn uagb-block-9225ebec\"><div class=\"uagb-buttons__wrap uagb-buttons-layout-wrap\">\n<div class=\"wp-block-uagb-buttons-child uagb-buttons__outer-wrap uagb-block-6acd6687 wp-block-button is-style-outline\"><div class=\"uagb-button__wrapper\"><a class=\"uagb-buttons-repeater wp-block-button__link\" aria-label=\"\" href=\"\/en\/menu\/\" rel=\"follow noopener\" target=\"_self\" role=\"button\"><div class=\"uagb-button__link\">MENI<\/div><span class=\"uagb-button__icon uagb-button__icon-position-after\"><svg xmlns=\"https:\/\/www.w3.org\/2000\/svg\" viewbox=\"0 0 448 512\" aria-hidden=\"true\" focussable=\"false\"><path d=\"M438.6 278.6l-160 160C272.4 444.9 264.2 448 256 448s-16.38-3.125-22.62-9.375c-12.5-12.5-12.5-32.75 0-45.25L338.8 288H32C14.33 288 .0016 273.7 .0016 256S14.33 224 32 224h306.8l-105.4-105.4c-12.5-12.5-12.5-32.75 0-45.25s32.75-12.5 45.25 0l160 160C451.1 245.9 451.1 266.1 438.6 278.6z\"><\/path><\/svg><\/span><\/a><\/div><\/div>\n<\/div><\/div>\n<\/div><\/div>\n\n\n\n<div class=\"wp-block-uagb-container uagb-block-0ab44e3f alignfull uagb-is-root-container\"><div class=\"uagb-container-inner-blocks-wrap\">\n<div class=\"wp-block-uagb-container uagb-block-a0471dd2\">\n<div class=\"wp-block-uagb-image uagb-block-c5845cc4 wp-block-uagb-image--layout-default wp-block-uagb-image--effect-static wp-block-uagb-image--align-none\"><figure class=\"wp-block-uagb-image__figure\"><img decoding=\"async\" srcset=\"https:\/\/napiketu.zvonimirbedi.com\/wp-content\/uploads\/2021\/03\/parcelli-1.png \" sizes=\"auto, (max-width: 480px) 150px\" src=\"https:\/\/napiketu.zvonimirbedi.com\/wp-content\/uploads\/2021\/03\/parcelli-1.png\" alt=\"\" class=\"uag-image-264\" width=\"108\" height=\"68\" title=\"\" loading=\"lazy\" role=\"img\"\/><\/figure><\/div>\n\n\n\n<div class=\"wp-block-uagb-advanced-heading uagb-block-93d6d009\"><h2 class=\"uagb-heading-text\">Zadovoljni Gosti!<\/h2><\/div>\n\n\n\n<div class=\"wp-block-uagb-info-box uagb-block-cac9b934 uagb-infobox__content-wrap  uagb-infobox-icon-above-title uagb-infobox-image-valign-top\"><div class=\"uagb-ifb-content\"><div class=\"uagb-ifb-image-content\"><img decoding=\"async\" src=\"https:\/\/napiketu.zvonimirbedi.com\/wp-content\/uploads\/2020\/09\/pic49-free-img.png\" alt=\"\" width=\"\" height=\"0\" loading=\"lazy\"\/><\/div><div class=\"uagb-ifb-title-wrap\"><h5 class=\"uagb-ifb-title\">&#8220;Danas smo prvi put posjetili pizzeriju, na preporuku. Sjedili smo vani, bilo je vrlo ugodno, terasa je lijepa, pogled na more, ispod kro\u0161nje. Pizza vrlo ukusna, osoblje ljubazno.&#8221;\u200b<\/h5><\/div><p class=\"uagb-ifb-desc\">&#8211; Antonia G.<\/p><\/div><\/div>\n<\/div>\n\n\n\n<div class=\"wp-block-uagb-container uagb-block-7cfbf1bc\">\n<div class=\"wp-block-uagb-info-box uagb-block-87350483 uagb-infobox__content-wrap  uagb-infobox-icon-above-title uagb-infobox-image-valign-top\"><div class=\"uagb-ifb-content\"><div class=\"uagb-ifb-image-content\"><img decoding=\"async\" src=\"https:\/\/napiketu.zvonimirbedi.com\/wp-content\/uploads\/2020\/09\/pic50-free-img.png\" alt=\"\" width=\"\" height=\"0\" loading=\"lazy\"\/><\/div><div class=\"uagb-ifb-title-wrap\"><h5 class=\"uagb-ifb-title\">&#8220;Danas sam drugi put posjetio ovo mjesto. Ukusna hrana i \u0161to je vrlo bitno ne \u0161tede na porcijama. Ljubazno osoblje, uz pristupa\u010dne cijene. Preporu\u010dam svima koji prolaze kroz Hreljin da svrate.&#8221;\u200b\u200b<\/h5><\/div><p class=\"uagb-ifb-desc\">&#8211; Darko A.<\/p><\/div><\/div>\n\n\n\n<div class=\"wp-block-uagb-info-box uagb-block-3a3a331f uagb-infobox__content-wrap  uagb-infobox-icon-above-title uagb-infobox-image-valign-top\"><div class=\"uagb-ifb-content\"><div class=\"uagb-ifb-image-content\"><img decoding=\"async\" src=\"https:\/\/napiketu.zvonimirbedi.com\/wp-content\/uploads\/2020\/09\/pic51-free-img.png\" alt=\"\" width=\"\" height=\"0\" loading=\"lazy\"\/><\/div><div class=\"uagb-ifb-title-wrap\"><h5 class=\"uagb-ifb-title\">&#8220;Hrana je preukusna, cijene su stvarno pristupa\u010dne. Djelatnice su vrlo ljubazne.&#8221;\u200b<\/h5><\/div><p class=\"uagb-ifb-desc\">&#8211; Maja S.<\/p><\/div><\/div>\n\n\n\n<div class=\"wp-block-uagb-advanced-heading uagb-block-46fa8479\"><h5 class=\"uagb-heading-text\">Pogledajte Na\u0161e Ocjene:<br><a href=\"https:\/\/www.tripadvisor.com\/Restaurant_Review-g14776395-d10182280-Reviews-Pizzeria_Na_Piketu-Hreljin_Primorje_Gorski_Kotar_County.html\" target=\"_blank\" rel=\"noreferrer noopener\"><\/a><\/h5><\/div>\n\n\n\n<div class=\"wp-block-uagb-container uagb-block-8a37a910\">\n<div class=\"wp-block-uagb-image uagb-block-304fa6db wp-block-uagb-image--layout-default wp-block-uagb-image--effect-static wp-block-uagb-image--align-none\"><figure class=\"wp-block-uagb-image__figure\"><a class=\"\" href=\"https:\/\/www.facebook.com\/pikethreljin\" target=\"_blank\" rel=\"noreferrer noopener\"><img decoding=\"async\" srcset=\"https:\/\/napiketu.zvonimirbedi.com\/wp-content\/uploads\/2024\/12\/fb-free-imng.png ,https:\/\/napiketu.zvonimirbedi.com\/wp-content\/uploads\/2024\/12\/fb-free-imng.png 780w, https:\/\/napiketu.zvonimirbedi.com\/wp-content\/uploads\/2024\/12\/fb-free-imng.png 360w\" sizes=\"auto, (max-width: 480px) 150px\" src=\"https:\/\/napiketu.zvonimirbedi.com\/wp-content\/uploads\/2024\/12\/fb-free-imng.png\" alt=\"\" class=\"uag-image-2261\" width=\"70\" height=\"30\" title=\"fb-free-imng.png\" loading=\"lazy\" role=\"img\"\/><\/a><\/figure><\/div>\n\n\n\n<div class=\"wp-block-uagb-image uagb-block-bf5fee27 wp-block-uagb-image--layout-default wp-block-uagb-image--effect-static wp-block-uagb-image--align-none\"><figure class=\"wp-block-uagb-image__figure\"><a class=\"\" href=\"https:\/\/www.instagram.com\/piket.hreljin\/\" target=\"_blank\" rel=\"noreferrer noopener\"><img decoding=\"async\" srcset=\"https:\/\/napiketu.zvonimirbedi.com\/wp-content\/uploads\/2024\/12\/logo-instagram-e1734546652789.png ,https:\/\/napiketu.zvonimirbedi.com\/wp-content\/uploads\/2024\/12\/logo-instagram-e1734546652789.png 780w, https:\/\/napiketu.zvonimirbedi.com\/wp-content\/uploads\/2024\/12\/logo-instagram-e1734546652789.png 360w\" sizes=\"auto, (max-width: 480px) 150px\" src=\"https:\/\/napiketu.zvonimirbedi.com\/wp-content\/uploads\/2024\/12\/logo-instagram-e1734546652789.png\" alt=\"\" class=\"uag-image-2318\" width=\"80\" height=\"30\" title=\"logo-instagram\" loading=\"lazy\" role=\"img\"\/><\/a><\/figure><\/div>\n\n\n\n<div class=\"wp-block-uagb-image uagb-block-c3541ac0 wp-block-uagb-image--layout-default wp-block-uagb-image--effect-static wp-block-uagb-image--align-none\"><figure class=\"wp-block-uagb-image__figure\"><a class=\"\" href=\"https:\/\/maps.app.goo.gl\/xkqYfQTmrUEPSJVL9\" target=\"_blank\" rel=\"noreferrer noopener\"><img decoding=\"async\" srcset=\"https:\/\/napiketu.zvonimirbedi.com\/wp-content\/uploads\/2024\/12\/google-reviews-free-img.png ,https:\/\/napiketu.zvonimirbedi.com\/wp-content\/uploads\/2024\/12\/google-reviews-free-img.png 780w, https:\/\/napiketu.zvonimirbedi.com\/wp-content\/uploads\/2024\/12\/google-reviews-free-img.png 360w\" sizes=\"auto, (max-width: 480px) 150px\" src=\"https:\/\/napiketu.zvonimirbedi.com\/wp-content\/uploads\/2024\/12\/google-reviews-free-img.png\" alt=\"\" class=\"uag-image-2260\" width=\"70\" height=\"30\" title=\"google-reviews-free-img.png\" loading=\"lazy\" role=\"img\"\/><\/a><\/figure><\/div>\n\n\n\n<div class=\"wp-block-uagb-image uagb-block-9105d56f wp-block-uagb-image--layout-default wp-block-uagb-image--effect-static wp-block-uagb-image--align-none\"><figure class=\"wp-block-uagb-image__figure\"><a class=\"\" href=\"https:\/\/www.tripadvisor.com\/Restaurant_Review-g14776395-d10182280-Reviews-Pizzeria_Na_Piketu-Hreljin_Primorje_Gorski_Kotar_County.html\" target=\"_blank\" rel=\"noreferrer noopener\"><img decoding=\"async\" srcset=\"https:\/\/napiketu.zvonimirbedi.com\/wp-content\/uploads\/2024\/12\/tripadvisor_logo_rate-1-1024x683.png ,https:\/\/napiketu.zvonimirbedi.com\/wp-content\/uploads\/2024\/12\/tripadvisor_logo_rate-1.png 780w, https:\/\/napiketu.zvonimirbedi.com\/wp-content\/uploads\/2024\/12\/tripadvisor_logo_rate-1.png 360w\" sizes=\"auto, (max-width: 480px) 150px\" src=\"https:\/\/napiketu.zvonimirbedi.com\/wp-content\/uploads\/2024\/12\/tripadvisor_logo_rate-1-1024x683.png\" alt=\"\" class=\"uag-image-2347\" width=\"60\" height=\"40\" title=\"tripadvisor_logo_rate\" loading=\"lazy\" role=\"img\"\/><\/a><\/figure><\/div>\n<\/div>\n<\/div>\n<\/div><\/div>","protected":false},"excerpt":{"rendered":"<p>Piket Burger \u20ac8.00\u200b Pizza Mije\u0161ana \u20ac9.50 \/ \u20ac14.50 Larijeva rebarca \u20ac15.00 Pizza Bresaola \u20ac11.80 \/ \u20ac16.80 Pizza \u010co\u010dmanska \u20ac9.80 \/ \u20ac15.50 Zadovoljni Gosti! Pogledajte Na\u0161e Ocjene:<\/p>","protected":false},"author":1,"featured_media":0,"parent":0,"menu_order":0,"comment_status":"closed","ping_status":"closed","template":"","meta":{"_uag_custom_page_level_css":"","site-sidebar-layout":"no-sidebar","site-content-layout":"plain-container","ast-site-content-layout":"normal-width-container","site-content-style":"unboxed","site-sidebar-style":"unboxed","ast-global-header-display":"","ast-banner-title-visibility":"","ast-main-header-display":"","ast-hfb-above-header-display":"","ast-hfb-below-header-display":"","ast-hfb-mobile-header-display":"","site-post-title":"disabled","ast-breadcrumbs-content":"","ast-featured-img":"","footer-sml-layout":"","theme-transparent-header-meta":"default","adv-header-id-meta":"","stick-header-meta":"","header-above-stick-meta":"","header-main-stick-meta":"","header-below-stick-meta":"","astra-migrate-meta-layouts":"set","ast-page-background-enabled":"default","ast-page-background-meta":{"desktop":{"background-color":"","background-image":"","background-repeat":"repeat","background-position":"center center","background-size":"auto","background-attachment":"scroll","background-type":"","background-media":"","overlay-type":"","overlay-color":"","overlay-opacity":"","overlay-gradient":""},"tablet":{"background-color":"","background-image":"","background-repeat":"repeat","background-position":"center center","background-size":"auto","background-attachment":"scroll","background-type":"","background-media":"","overlay-type":"","overlay-color":"","overlay-opacity":"","overlay-gradient":""},"mobile":{"background-color":"","background-image":"","background-repeat":"repeat","background-position":"center center","background-size":"auto","background-attachment":"scroll","background-type":"","background-media":"","overlay-type":"","overlay-color":"","overlay-opacity":"","overlay-gradient":""}},"ast-content-background-meta":{"desktop":{"background-color":"var(--ast-global-color-5)","background-image":"","background-repeat":"repeat","background-position":"center center","background-size":"auto","background-attachment":"scroll","background-type":"","background-media":"","overlay-type":"","overlay-color":"","overlay-opacity":"","overlay-gradient":""},"tablet":{"background-color":"var(--ast-global-color-5)","background-image":"","background-repeat":"repeat","background-position":"center center","background-size":"auto","background-attachment":"scroll","background-type":"","background-media":"","overlay-type":"","overlay-color":"","overlay-opacity":"","overlay-gradient":""},"mobile":{"background-color":"var(--ast-global-color-5)","background-image":"","background-repeat":"repeat","background-position":"center center","background-size":"auto","background-attachment":"scroll","background-type":"","background-media":"","overlay-type":"","overlay-color":"","overlay-opacity":"","overlay-gradient":""}},"footnotes":""},"class_list":["post-56","page","type-page","status-publish","hentry"],"uagb_featured_image_src":{"full":false,"thumbnail":false,"medium":false,"medium_large":false,"large":false,"1536x1536":false,"2048x2048":false,"trp-custom-language-flag":false},"uagb_author_info":{"display_name":"root","author_link":"https:\/\/napiketu.zvonimirbedi.com\/en\/author\/root\/"},"uagb_comment_info":0,"uagb_excerpt":"Piket Burger \u20ac8.00\u200b Pizza Mije\u0161ana \u20ac9.50 \/ \u20ac14.50 Larijeva rebarca \u20ac15.00 Pizza Bresaola \u20ac11.80 \/ \u20ac16.80 Pizza \u010co\u010dmanska \u20ac9.80 \/ \u20ac15.50 Zadovoljni Gosti! Pogledajte Na\u0161e Ocjene:","_links":{"self":[{"href":"https:\/\/napiketu.zvonimirbedi.com\/en\/wp-json\/wp\/v2\/pages\/56","targetHints":{"allow":["GET"]}}],"collection":[{"href":"https:\/\/napiketu.zvonimirbedi.com\/en\/wp-json\/wp\/v2\/pages"}],"about":[{"href":"https:\/\/napiketu.zvonimirbedi.com\/en\/wp-json\/wp\/v2\/types\/page"}],"author":[{"embeddable":true,"href":"https:\/\/napiketu.zvonimirbedi.com\/en\/wp-json\/wp\/v2\/users\/1"}],"replies":[{"embeddable":true,"href":"https:\/\/napiketu.zvonimirbedi.com\/en\/wp-json\/wp\/v2\/comments?post=56"}],"version-history":[{"count":32,"href":"https:\/\/napiketu.zvonimirbedi.com\/en\/wp-json\/wp\/v2\/pages\/56\/revisions"}],"predecessor-version":[{"id":2470,"href":"https:\/\/napiketu.zvonimirbedi.com\/en\/wp-json\/wp\/v2\/pages\/56\/revisions\/2470"}],"wp:attachment":[{"href":"https:\/\/napiketu.zvonimirbedi.com\/en\/wp-json\/wp\/v2\/media?parent=56"}],"curies":[{"name":"wp","href":"https:\/\/api.w.org\/{rel}","templated":true}]}}